{"id":26,"date":"2022-06-13T08:09:29","date_gmt":"2022-06-13T08:09:29","guid":{"rendered":"https:\/\/articoadvising.com\/?page_id=26"},"modified":"2025-06-28T11:37:45","modified_gmt":"2025-06-28T09:37:45","slug":"about","status":"publish","type":"page","link":"https:\/\/articoadvising.com\/es\/about\/","title":{"rendered":"Historia"},"content":{"rendered":"<p class=\"translation-block\"><p>\n    Fundada en <strong>2021 en Palma de Mallorca<\/strong> por <strong>Andr\u00e9s L\u00f3pez San Isidoro<\/strong>, \n    <strong>ARTICO Coating Advising<\/strong> nace como una marca de consultor\u00eda independiente tras 15 a\u00f1os de experiencia internacional \n    como Inspector de Pintura y Asesor T\u00e9cnico. Nuestra misi\u00f3n es ofrecer servicios de inspecci\u00f3n y consultor\u00eda \n    <strong>proactivos, eficaces y especializados<\/strong>, centrados en la preparaci\u00f3n de superficies y sistemas de recubrimiento.\n  <\/p><\/p>\n\n\n\n<p class=\"translation-block\">Con una s\u00f3lida trayectoria en los sectores de <strong>megayates<\/strong>, <strong>militar<\/strong>, \n    <strong>oil &amp; gas<\/strong>, <strong>marino<\/strong>, <strong>industrial<\/strong> y <strong>offshore<\/strong>, \n    y habiendo operado en m\u00e1s de <strong>30 pa\u00edses<\/strong>, ARTICO aporta un conocimiento t\u00e9cnico profundo \n    y experiencia directa en obra. Actualmente con sede en Palma de Mallorca, ofrecemos soporte a clientes de todo el mundo mediante:\n  <\/p><\/p>\n\n\n\n<ul><li>Coating inspections and technical consultancy for <strong>New builds<\/strong> and <strong>Paint refit projects<\/strong><\/li><li>Asistencia remota (<em>consultor\u00eda\/supervisi\u00f3n online<\/em>) y presencial para <strong>astilleros, contratistas y propietarios<\/strong><\/li><\/li><li>Evaluaciones independientes e informes conforme a <strong>est\u00e1ndares internacionales de recubrimientos<\/strong><\/li><\/li><\/ul>\n\n\n\n<p><strong><h3>Certificaciones<\/h3><\/strong><\/p>\n\n\n\n<ul><li><strong><li><strong>FROSIO Nivel III (ID: 4666) Inspector de Recubrimientos<\/strong> <\/li><\/strong><\/li><li><strong><li><strong>SSPC PCS2 Especialista en Recubrimientos Protectores <\/strong> <em>(certificaci\u00f3n finalizada)<\/em><\/li><\/strong><\/li><li><strong><li><strong> ICORR Nivel 2 Inspector de Aislamientos<\/strong><\/li>\n  <\/ul><\/strong><\/li><\/ul>\n\n\n\n<p>Conf\u00ede en <strong>ARTICO Coating Advising<\/strong> para soluciones de recubrimientos de alto rendimiento, con <strong>presencia local<\/strong> y <strong>experiencia global<\/strong>.\n  <\/p>\n<\/section><\/p>\n\n\n\n<div class=\"wp-container-1 wp-block-buttons\">\n<div class=\"wp-block-button\"><a class=\"wp-block-button__link\" href=\"\/es\/www.articoadvising.com\/contact\/\" rel=\"\">Ver m\u00e1s<\/a><\/div>\n<\/div>\n\n\n\n<hr class=\"wp-block-separator has-alpha-channel-opacity\"\/>\n\n\n\n<figure class=\"wp-block-image size-large\"><img loading=\"lazy\" width=\"1024\" height=\"576\" src=\"https:\/\/articoadvising.com\/wp-content\/uploads\/2022\/10\/IMG_20220409_094005-1024x576.jpg\" alt=\"Yacht paint survey Mallorca\" class=\"wp-image-327\" srcset=\"https:\/\/articoadvising.com\/wp-content\/uploads\/2022\/10\/IMG_20220409_094005-1024x576.jpg 1024w, https:\/\/articoadvising.com\/wp-content\/uploads\/2022\/10\/IMG_20220409_094005-300x169.jpg 300w, https:\/\/articoadvising.com\/wp-content\/uploads\/2022\/10\/IMG_20220409_094005-768x432.jpg 768w, https:\/\/articoadvising.com\/wp-content\/uploads\/2022\/10\/IMG_20220409_094005-1536x864.jpg 1536w, https:\/\/articoadvising.com\/wp-content\/uploads\/2022\/10\/IMG_20220409_094005-2048x1152.jpg 2048w, https:\/\/articoadvising.com\/wp-content\/uploads\/2022\/10\/IMG_20220409_094005-18x10.jpg 18w\" sizes=\"(max-width: 1024px) 100vw, 1024px\" \/><\/figure>\n\n\n\n<hr class=\"wp-block-separator has-alpha-channel-opacity\"\/>\n\n\n\n<p style=\"font-size:29px\"><strong>Experiencia en n\u00fameros<\/strong><\/p>\n\n\n<div class='anc_6310_main_counter'><div class=\"anc-6310-row\">\r\n            <div class=\"anc-6310-col-3\">\r\n            <div class=\"anc-6310-counter-2\">\r\n                <div class=\"anc-6310-counter-2-top-container\" style=\"background-image: url('https:\/\/articoadvising.com\/wp-content\/uploads\/2022\/10\/IMG_20190206_122029.jpg');\">\r\n                    <div class=\"anc-6310-counter-2-top-inner-wrap\">\r\n                        <div class=\"anc-6310-counter-2-count-title\">Yacht Projects interventions total 2008-2025<\/div>\r\n                    <\/div>\r\n                <\/div>\r\n                <div class=\"anc-6310-counter-2-bottom-container\">\r\n                    <div class=\"anc-6310-counter-2-count-content\">\r\n                        <div class=\"anc-6310-counter-2-count-content-inner\">\r\n                            <div \r\n                                class=\"anc-6310-counter-2-count-number anc-6310-counter-number\" \r\n                                id=\"anc-6310-2-1\" data-anc-6310-start=\"0\" \r\n                                data-anc-6310-end=\"392\" data-anc-6310-decimal=\"0\" \r\n                                data-anc-6310-duration=\".5\" \r\n                                data-anc-6310-thousands-separator=\",\">\r\n                                0\r\n                            <\/div>\r\n                        <\/div>\r\n                    <\/div>\r\n\r\n                    <div class=\"anc-6310-counter-2-count-subtitle\">Projects completed on Topsides, Hull Antifouling or Tanks on Sail\/Motor Yachts<\/div>\r\n                <\/div>\r\n            <\/div>\r\n        <\/div>\r\n            <div class=\"anc-6310-col-3\">\r\n            <div class=\"anc-6310-counter-2\">\r\n                <div class=\"anc-6310-counter-2-top-container\" style=\"background-image: url('https:\/\/articoadvising.com\/wp-content\/uploads\/2022\/10\/IMG_20220210_115627.jpg');\">\r\n                    <div class=\"anc-6310-counter-2-top-inner-wrap\">\r\n                        <div class=\"anc-6310-counter-2-count-title\">Yacht Projects interventions season 2024-25<\/div>\r\n                    <\/div>\r\n                <\/div>\r\n                <div class=\"anc-6310-counter-2-bottom-container\">\r\n                    <div class=\"anc-6310-counter-2-count-content\">\r\n                        <div class=\"anc-6310-counter-2-count-content-inner\">\r\n                            <div \r\n                                class=\"anc-6310-counter-2-count-number anc-6310-counter-number\" \r\n                                id=\"anc-6310-2-6\" data-anc-6310-start=\"0\" \r\n                                data-anc-6310-end=\"71\" data-anc-6310-decimal=\"0\" \r\n                                data-anc-6310-duration=\".5\" \r\n                                data-anc-6310-thousands-separator=\",\">\r\n                                0\r\n                            <\/div>\r\n                        <\/div>\r\n                    <\/div>\r\n\r\n                    <div class=\"anc-6310-counter-2-count-subtitle\">An\u00e1lisis de fallo, Tratamientos de acabado, Inspecciones de estado, Inspeccion de reparaciones o asistencia a Ofertas y Contratos<\/div>\r\n                <\/div>\r\n            <\/div>\r\n        <\/div>\r\n            <div class=\"anc-6310-col-3\">\r\n            <div class=\"anc-6310-counter-2\">\r\n                <div class=\"anc-6310-counter-2-top-container\" style=\"background-image: url('https:\/\/articoadvising.com\/wp-content\/uploads\/2022\/10\/Scorpene.jpg');\">\r\n                    <div class=\"anc-6310-counter-2-top-inner-wrap\">\r\n                        <div class=\"anc-6310-counter-2-count-title\">Buques Militares <\/div>\r\n                    <\/div>\r\n                <\/div>\r\n                <div class=\"anc-6310-counter-2-bottom-container\">\r\n                    <div class=\"anc-6310-counter-2-count-content\">\r\n                        <div class=\"anc-6310-counter-2-count-content-inner\">\r\n                            <div \r\n                                class=\"anc-6310-counter-2-count-number anc-6310-counter-number\" \r\n                                id=\"anc-6310-2-4\" data-anc-6310-start=\"0\" \r\n                                data-anc-6310-end=\"21\" data-anc-6310-decimal=\"0\" \r\n                                data-anc-6310-duration=\".5\" \r\n                                data-anc-6310-thousands-separator=\",\">\r\n                                0\r\n                            <\/div>\r\n                        <\/div>\r\n                    <\/div>\r\n\r\n                    <div class=\"anc-6310-counter-2-count-subtitle\">Nueva construcci\u00f3n, mantenimiento y Prototipos. <\/div>\r\n                <\/div>\r\n            <\/div>\r\n        <\/div>\r\n            <div class=\"anc-6310-col-3\">\r\n            <div class=\"anc-6310-counter-2\">\r\n                <div class=\"anc-6310-counter-2-top-container\" style=\"background-image: url('https:\/\/articoadvising.com\/wp-content\/uploads\/2022\/10\/Albion-bay.jpeg');\">\r\n                    <div class=\"anc-6310-counter-2-top-inner-wrap\">\r\n                        <div class=\"anc-6310-counter-2-count-title\">Cargueros<\/div>\r\n                    <\/div>\r\n                <\/div>\r\n                <div class=\"anc-6310-counter-2-bottom-container\">\r\n                    <div class=\"anc-6310-counter-2-count-content\">\r\n                        <div class=\"anc-6310-counter-2-count-content-inner\">\r\n                            <div \r\n                                class=\"anc-6310-counter-2-count-number anc-6310-counter-number\" \r\n                                id=\"anc-6310-2-5\" data-anc-6310-start=\"0\" \r\n                                data-anc-6310-end=\"6\" data-anc-6310-decimal=\"0\" \r\n                                data-anc-6310-duration=\".5\" \r\n                                data-anc-6310-thousands-separator=\",\">\r\n                                0\r\n                            <\/div>\r\n                        <\/div>\r\n                    <\/div>\r\n\r\n                    <div class=\"anc-6310-counter-2-count-subtitle\">Inspecciones en Buques comerciales.<\/div>\r\n                <\/div>\r\n            <\/div>\r\n        <\/div>\r\n            <div class=\"anc-6310-col-3\">\r\n            <div class=\"anc-6310-counter-2\">\r\n                <div class=\"anc-6310-counter-2-top-container\" style=\"background-image: url('https:\/\/articoadvising.com\/wp-content\/uploads\/2022\/09\/martin-linge.jpg');\">\r\n                    <div class=\"anc-6310-counter-2-top-inner-wrap\">\r\n                        <div class=\"anc-6310-counter-2-count-title\">Oil &amp; Gas Projects assisted<\/div>\r\n                    <\/div>\r\n                <\/div>\r\n                <div class=\"anc-6310-counter-2-bottom-container\">\r\n                    <div class=\"anc-6310-counter-2-count-content\">\r\n                        <div class=\"anc-6310-counter-2-count-content-inner\">\r\n                            <div \r\n                                class=\"anc-6310-counter-2-count-number anc-6310-counter-number\" \r\n                                id=\"anc-6310-2-3\" data-anc-6310-start=\"0\" \r\n                                data-anc-6310-end=\"18\" data-anc-6310-decimal=\"0\" \r\n                                data-anc-6310-duration=\".5\" \r\n                                data-anc-6310-thousands-separator=\",\">\r\n                                0\r\n                            <\/div>\r\n                        <\/div>\r\n                    <\/div>\r\n\r\n                    <div class=\"anc-6310-counter-2-count-subtitle\">Offshore o costeros. Coordinaci\u00f3n de Inspecciones, asistencia t\u00e9cnica e Inspecciones en campo.<\/div>\r\n                <\/div>\r\n            <\/div>\r\n        <\/div>\r\n    <\/div>\r\n\r\n<\/div>\n\n\n\n<hr class=\"wp-block-separator has-alpha-channel-opacity is-style-wide\"\/>\n\n\n\n<iframe src=\"https:\/\/www.google.com\/maps\/embed?pb=!1m18!1m12!1m3!1d768.9337590758315!2d2.6409666292454586!3d39.56558163256942!2m3!1f0!2f0!3f0!3m2!1i1024!2i768!4f13.1!3m3!1m2!1s0x12979243d3cc81d3%3A0x2c951bf2e2550c13!2sCarrer%20del%20Moll%2C%202%2C%2007012%20Palma%2C%20Illes%20Balears!5e0!3m2!1ses!2ses!4v1661890691217!5m2!1ses!2ses\" style=\"border:0;\" allowfullscreen=\"\" loading=\"lazy\" referrerpolicy=\"no-referrer-when-downgrade\" width=\"100%\" height=\"300\"><\/iframe>\n\n\n\n<p><\/p>\n\n\n<div class=\"wp-block-coblocks-social wp-block-coblocks-social-profiles is-style-circular has-colors has-button-size-med\" ><ul><li>\n\t\t\t\t\t<a href=\"https:\/\/www.linkedin.com\/in\/andres-lopez-san-isidoro-7b01aa94\/\" class=\"wp-block-button__link wp-block-coblocks-social__button wp-block-coblocks-social__button--linkedin     has-padding\" title=\"LinkedIn\" style=\"border-radius: 40px;padding:16px;\" >\n\t\t\t\t\t\t<span class=\"wp-block-coblocks-social__icon\" style=\"height:22px;width: 22px;\"><\/span>\n\t\t\t\t\t\t<span class=\"wp-block-coblocks-social__text\">LinkedIn<\/span>\n\t\t\t\t\t<\/a>\n\t\t\t\t<\/li><\/ul><\/div><style type=\"text\/css\">.template_3{background:#1c8394;padding:15px;margin:15px;border-radius:50px;border:2px solid #1c8394;-webkit-box-shadow:3px 4px 12px -2px rgba(0,0,0,.68);-moz-box-shadow:3px 4px 12px -2px rgba(0,0,0,.68);box-shadow:3px 4px 12px -2px rgba(0,0,0,.68);font-family:calibri;font-size:13pt;text-align:center}.template_3>div{color:#fff;display:inline-block;margin:0 30px}.template_3>div>span{font-weight:700;margin-left:10px}.template_3 .icons{color:#fff;margin-right:5px;font-weight:700}@media (max-width:644px){.template_3>div{margin:0 10px}}@media (max-width:525px){.template_3>div{color:#fff;display:block;margin:0;padding:10px 0;border-bottom:1px solid #fff}.template_3>div:last-child{border-bottom:none}}<\/style><div class=\"template_3\" style=\" width: 100%; max-width: 200px; padding: 10px;margin: 0px auto;; margin-bottom :15px; color:000000\"><div><\/div><div><\/div><div> Total Visits: 540<\/div><\/div>","protected":false},"excerpt":{"rendered":"<p>Founded in 2021 in Palma de Mallorca by Andr\u00e9s L\u00f3pez San Isidoro, ARTICO Coating Advising was established as an independent consulting brand after 15 years of international experience as a Paint Surveyor and Technical Advisor. Our mission is to deliver proactive, efficient, and expert inspection and consultancy services, specializing in surface preparation and coating systems. [&hellip;]<\/p>","protected":false},"author":1,"featured_media":0,"parent":0,"menu_order":0,"comment_status":"closed","ping_status":"closed","template":"","meta":{"_coblocks_attr":"","_coblocks_dimensions":"","_coblocks_responsive_height":"","_coblocks_accordion_ie_support":"","om_disable_all_campaigns":false,"_monsterinsights_skip_tracking":false,"_monsterinsights_sitenote_active":false,"_monsterinsights_sitenote_note":"","_monsterinsights_sitenote_category":0},"yoast_head":"<!-- This site is optimized with the Yoast SEO plugin v19.6.1 - https:\/\/yoast.com\/wordpress\/plugins\/seo\/ -->\n<title>Yacht Paint Surveyor Mallorca. ARTICO Advising - Andr\u00e9s L\u00f3pez<\/title>\n<meta name=\"description\" content=\"ARTICO Advising provides Coating expertise and paint surveys of newbuild\/refitting projects. FROSIO 3 Certified. Palma de Mallorca and abroad\" \/>\n<meta name=\"robots\" content=\"index, follow, max-snippet:-1, max-image-preview:large, max-video-preview:-1\" \/>\n<link rel=\"canonical\" href=\"https:\/\/articoadvising.com\/es\/about\/\" \/>\n<meta property=\"og:locale\" content=\"es_ES\" \/>\n<meta property=\"og:type\" content=\"article\" \/>\n<meta property=\"og:title\" content=\"Yacht Paint Surveyor Mallorca. ARTICO Advising - Andr\u00e9s L\u00f3pez\" \/>\n<meta property=\"og:description\" content=\"ARTICO Advising provides Coating expertise and paint surveys of newbuild\/refitting projects. FROSIO 3 Certified. Palma de Mallorca and abroad\" \/>\n<meta property=\"og:url\" content=\"https:\/\/articoadvising.com\/es\/about\/\" \/>\n<meta property=\"og:site_name\" content=\"ARTICO advising\" \/>\n<meta property=\"article:modified_time\" content=\"2025-06-28T09:37:45+00:00\" \/>\n<meta property=\"og:image\" content=\"https:\/\/articoadvising.com\/wp-content\/uploads\/2022\/10\/IMG_20220409_094005-1024x576.jpg\" \/>\n<meta name=\"twitter:card\" content=\"summary_large_image\" \/>\n<meta name=\"twitter:label1\" content=\"Tiempo de lectura\" \/>\n\t<meta name=\"twitter:data1\" content=\"1 minuto\" \/>\n<script type=\"application\/ld+json\" class=\"yoast-schema-graph\">{\"@context\":\"https:\/\/schema.org\",\"@graph\":[{\"@type\":[\"WebPage\",\"AboutPage\"],\"@id\":\"https:\/\/articoadvising.com\/about\/\",\"url\":\"https:\/\/articoadvising.com\/about\/\",\"name\":\"Yacht Paint Surveyor Mallorca. ARTICO Advising - Andr\u00e9s L\u00f3pez\",\"isPartOf\":{\"@id\":\"https:\/\/articoadvising.com\/#website\"},\"datePublished\":\"2022-06-13T08:09:29+00:00\",\"dateModified\":\"2025-06-28T09:37:45+00:00\",\"description\":\"ARTICO Advising provides Coating expertise and paint surveys of newbuild\/refitting projects. FROSIO 3 Certified. Palma de Mallorca and abroad\",\"breadcrumb\":{\"@id\":\"https:\/\/articoadvising.com\/about\/#breadcrumb\"},\"inLanguage\":\"es\",\"potentialAction\":[{\"@type\":\"ReadAction\",\"target\":[\"https:\/\/articoadvising.com\/about\/\"]}]},{\"@type\":\"BreadcrumbList\",\"@id\":\"https:\/\/articoadvising.com\/about\/#breadcrumb\",\"itemListElement\":[{\"@type\":\"ListItem\",\"position\":1,\"name\":\"Portada\",\"item\":\"https:\/\/articoadvising.com\/\"},{\"@type\":\"ListItem\",\"position\":2,\"name\":\"About\"}]},{\"@type\":\"WebSite\",\"@id\":\"https:\/\/articoadvising.com\/#website\",\"url\":\"https:\/\/articoadvising.com\/\",\"name\":\"ARTICO advising\",\"description\":\"Coating and Corrosion Control advising\",\"publisher\":{\"@id\":\"https:\/\/articoadvising.com\/#organization\"},\"potentialAction\":[{\"@type\":\"SearchAction\",\"target\":{\"@type\":\"EntryPoint\",\"urlTemplate\":\"https:\/\/articoadvising.com\/?s={search_term_string}\"},\"query-input\":\"required name=search_term_string\"}],\"inLanguage\":\"es\"},{\"@type\":\"Organization\",\"@id\":\"https:\/\/articoadvising.com\/#organization\",\"name\":\"ARTICO advising\",\"url\":\"https:\/\/articoadvising.com\/\",\"sameAs\":[],\"logo\":{\"@type\":\"ImageObject\",\"inLanguage\":\"es\",\"@id\":\"https:\/\/articoadvising.com\/#\/schema\/logo\/image\/\",\"url\":\"https:\/\/articoadvising.com\/wp-content\/uploads\/2022\/09\/cropped-Artico_logo_completo-removebg-preview.png\",\"contentUrl\":\"https:\/\/articoadvising.com\/wp-content\/uploads\/2022\/09\/cropped-Artico_logo_completo-removebg-preview.png\",\"width\":849,\"height\":282,\"caption\":\"ARTICO advising\"},\"image\":{\"@id\":\"https:\/\/articoadvising.com\/#\/schema\/logo\/image\/\"}}]}<\/script>\n<!-- \/ Yoast SEO plugin. -->","yoast_head_json":{"title":"Yacht Paint Surveyor Mallorca. ARTICO Advising - Andr\u00e9s L\u00f3pez","description":"ARTICO Advising provides Coating expertise and paint surveys of newbuild\/refitting projects. FROSIO 3 Certified. Palma de Mallorca and abroad","robots":{"index":"index","follow":"follow","max-snippet":"max-snippet:-1","max-image-preview":"max-image-preview:large","max-video-preview":"max-video-preview:-1"},"canonical":"https:\/\/articoadvising.com\/es\/about\/","og_locale":"es_ES","og_type":"article","og_title":"Yacht Paint Surveyor Mallorca. ARTICO Advising - Andr\u00e9s L\u00f3pez","og_description":"ARTICO Advising provides Coating expertise and paint surveys of newbuild\/refitting projects. FROSIO 3 Certified. Palma de Mallorca and abroad","og_url":"https:\/\/articoadvising.com\/es\/about\/","og_site_name":"ARTICO advising","article_modified_time":"2025-06-28T09:37:45+00:00","og_image":[{"url":"https:\/\/articoadvising.com\/wp-content\/uploads\/2022\/10\/IMG_20220409_094005-1024x576.jpg"}],"twitter_card":"summary_large_image","twitter_misc":{"Tiempo de lectura":"1 minuto"},"schema":{"@context":"https:\/\/schema.org","@graph":[{"@type":["WebPage","AboutPage"],"@id":"https:\/\/articoadvising.com\/about\/","url":"https:\/\/articoadvising.com\/about\/","name":"Yacht Paint Surveyor Mallorca. ARTICO Advising - Andr\u00e9s L\u00f3pez","isPartOf":{"@id":"https:\/\/articoadvising.com\/#website"},"datePublished":"2022-06-13T08:09:29+00:00","dateModified":"2025-06-28T09:37:45+00:00","description":"ARTICO Advising provides Coating expertise and paint surveys of newbuild\/refitting projects. FROSIO 3 Certified. Palma de Mallorca and abroad","breadcrumb":{"@id":"https:\/\/articoadvising.com\/about\/#breadcrumb"},"inLanguage":"es","potentialAction":[{"@type":"ReadAction","target":["https:\/\/articoadvising.com\/about\/"]}]},{"@type":"BreadcrumbList","@id":"https:\/\/articoadvising.com\/about\/#breadcrumb","itemListElement":[{"@type":"ListItem","position":1,"name":"Portada","item":"https:\/\/articoadvising.com\/"},{"@type":"ListItem","position":2,"name":"About"}]},{"@type":"WebSite","@id":"https:\/\/articoadvising.com\/#website","url":"https:\/\/articoadvising.com\/","name":"ARTICO advising","description":"Coating and Corrosion Control advising","publisher":{"@id":"https:\/\/articoadvising.com\/#organization"},"potentialAction":[{"@type":"SearchAction","target":{"@type":"EntryPoint","urlTemplate":"https:\/\/articoadvising.com\/?s={search_term_string}"},"query-input":"required name=search_term_string"}],"inLanguage":"es"},{"@type":"Organization","@id":"https:\/\/articoadvising.com\/#organization","name":"ARTICO advising","url":"https:\/\/articoadvising.com\/","sameAs":[],"logo":{"@type":"ImageObject","inLanguage":"es","@id":"https:\/\/articoadvising.com\/#\/schema\/logo\/image\/","url":"https:\/\/articoadvising.com\/wp-content\/uploads\/2022\/09\/cropped-Artico_logo_completo-removebg-preview.png","contentUrl":"https:\/\/articoadvising.com\/wp-content\/uploads\/2022\/09\/cropped-Artico_logo_completo-removebg-preview.png","width":849,"height":282,"caption":"ARTICO advising"},"image":{"@id":"https:\/\/articoadvising.com\/#\/schema\/logo\/image\/"}}]}},"_links":{"self":[{"href":"https:\/\/articoadvising.com\/es\/wp-json\/wp\/v2\/pages\/26"}],"collection":[{"href":"https:\/\/articoadvising.com\/es\/wp-json\/wp\/v2\/pages"}],"about":[{"href":"https:\/\/articoadvising.com\/es\/wp-json\/wp\/v2\/types\/page"}],"author":[{"embeddable":true,"href":"https:\/\/articoadvising.com\/es\/wp-json\/wp\/v2\/users\/1"}],"replies":[{"embeddable":true,"href":"https:\/\/articoadvising.com\/es\/wp-json\/wp\/v2\/comments?post=26"}],"version-history":[{"count":31,"href":"https:\/\/articoadvising.com\/es\/wp-json\/wp\/v2\/pages\/26\/revisions"}],"predecessor-version":[{"id":531,"href":"https:\/\/articoadvising.com\/es\/wp-json\/wp\/v2\/pages\/26\/revisions\/531"}],"wp:attachment":[{"href":"https:\/\/articoadvising.com\/es\/wp-json\/wp\/v2\/media?parent=26"}],"curies":[{"name":"wp","href":"https:\/\/api.w.org\/{rel}","templated":true}]}}